{"id":8929,"date":"2021-03-07T17:27:33","date_gmt":"2021-03-07T16:27:33","guid":{"rendered":"https:\/\/atmc-hygiene.com\/go\/produit\/import-placeholder-for-7591\/"},"modified":"2021-03-07T19:44:34","modified_gmt":"2021-03-07T18:44:34","slug":"plonge-net","status":"publish","type":"product","link":"https:\/\/atmc-hygiene.com\/go\/produit\/plonge-net\/","title":{"rendered":"PLONGE.NET"},"content":{"rendered":"","protected":false},"excerpt":{"rendered":"<p>D\u00e9tergent d\u00e9graissant d\u00e9sinfectant neutre pour mat\u00e9riel et surface.<\/p>\n","protected":false},"featured_media":8947,"template":"","meta":{"site-sidebar-layout":"default","site-content-layout":"default","ast-main-header-display":"","ast-hfb-above-header-display":"","ast-hfb-below-header-display":"","ast-hfb-mobile-header-display":"","site-post-title":"","ast-breadcrumbs-content":"","ast-featured-img":"","footer-sml-layout":"","theme-transparent-header-meta":"","adv-header-id-meta":"","stick-header-meta":"","header-above-stick-meta":"","header-main-stick-meta":"","header-below-stick-meta":""},"product_cat":[212],"product_tag":[],"_links":{"self":[{"href":"https:\/\/atmc-hygiene.com\/go\/wp-json\/wp\/v2\/product\/8929"}],"collection":[{"href":"https:\/\/atmc-hygiene.com\/go\/wp-json\/wp\/v2\/product"}],"about":[{"href":"https:\/\/atmc-hygiene.com\/go\/wp-json\/wp\/v2\/types\/product"}],"version-history":[{"count":0,"href":"https:\/\/atmc-hygiene.com\/go\/wp-json\/wp\/v2\/product\/8929\/revisions"}],"wp:featuredmedia":[{"embeddable":true,"href":"https:\/\/atmc-hygiene.com\/go\/wp-json\/wp\/v2\/media\/8947"}],"wp:attachment":[{"href":"https:\/\/atmc-hygiene.com\/go\/wp-json\/wp\/v2\/media?parent=8929"}],"wp:term":[{"taxonomy":"product_cat","embeddable":true,"href":"https:\/\/atmc-hygiene.com\/go\/wp-json\/wp\/v2\/product_cat?post=8929"},{"taxonomy":"product_tag","embeddable":true,"href":"https:\/\/atmc-hygiene.com\/go\/wp-json\/wp\/v2\/product_tag?post=8929"}],"curies":[{"name":"wp","href":"https:\/\/api.w.org\/{rel}","templated":true}]}}