{"id":9977,"date":"2022-05-01T23:57:53","date_gmt":"2022-05-01T21:57:53","guid":{"rendered":"https:\/\/atmc-hygiene.com\/go\/?page_id=9977"},"modified":"2025-02-03T09:12:45","modified_gmt":"2025-02-03T08:12:45","slug":"hfs-materiel","status":"publish","type":"page","link":"https:\/\/atmc-hygiene.com\/go\/hfs-materiel\/","title":{"rendered":"HFS Materiel"},"content":{"rendered":"\t\t<div data-elementor-type=\"wp-page\" data-elementor-id=\"9977\" class=\"elementor elementor-9977\">\n\t\t\t\t\t\t\t\t\t<section class=\"elementor-section elementor-top-section elementor-element elementor-element-d08140b elementor-section-stretched elementor-section-full_width elementor-section-height-default elementor-section-height-default\" data-id=\"d08140b\" data-element_type=\"section\" data-settings=\"{&quot;stretch_section&quot;:&quot;section-stretched&quot;,&quot;background_background&quot;:&quot;gradient&quot;}\">\n\t\t\t\t\t\t<div class=\"elementor-container elementor-column-gap-default\">\n\t\t\t\t\t<div class=\"elementor-column elementor-col-100 elementor-top-column elementor-element elementor-element-d03cece\" data-id=\"d03cece\" data-element_type=\"column\">\n\t\t\t<div class=\"elementor-widget-wrap elementor-element-populated\">\n\t\t\t\t\t\t\t\t<div class=\"elementor-element elementor-element-0ddd168 elementor-widget elementor-widget-slider_revolution\" data-id=\"0ddd168\" data-element_type=\"widget\" data-widget_type=\"slider_revolution.default\">\n\t\t\t\t<div class=\"elementor-widget-container\">\n\t\t\t\n\t\t<div class=\"wp-block-themepunch-revslider\">\n\t\t\t<!-- START ATMC_Materiel_Slider REVOLUTION SLIDER 6.5.20 --><p class=\"rs-p-wp-fix\"><\/p>\n\t\t\t<rs-module-wrap id=\"rev_slider_44_1_wrapper\" data-source=\"gallery\" style=\"visibility:hidden;background:transparent;padding:0;margin:0px auto;margin-top:0;margin-bottom:0;\">\n\t\t\t\t<rs-module id=\"rev_slider_44_1\" style=\"\" data-version=\"6.5.20\">\n\t\t\t\t\t<rs-slides>\n\t\t\t\t\t\t<rs-slide style=\"position: absolute;\" data-key=\"rs-160\" data-title=\"HFS_Materiels\" data-anim=\"d:20;p:dark;f:oppslidebased;\" data-in=\"o:0;sx:1.1;sy:1.1;m:true;row:6;col:6;\" data-out=\"a:false;\" data-mediafilter=\"willow\">\n\t\t\t\t\t\t\t<img loading=\"lazy\" src=\"\/\/atmc-hygiene.com\/go\/wp-content\/plugins\/revslider\/public\/assets\/assets\/dummy.png\" alt=\"\" title=\"wp7133988-grey-abstract-wallpapers\" width=\"1728\" height=\"1080\" class=\"rev-slidebg tp-rs-img rs-lazyload\" data-lazyload=\"\/\/atmc-hygiene.com\/go\/wp-content\/uploads\/wp7133988-grey-abstract-wallpapers.jpg\" data-parallax=\"10\" data-no-retina>\n<!--\n\t\t\t\t\t\t\t--><rs-layer\n\t\t\t\t\t\t\t\tid=\"slider-44-slide-160-layer-0\" \n\t\t\t\t\t\t\t\tdata-type=\"image\"\n\t\t\t\t\t\t\t\tdata-rsp_ch=\"on\"\n\t\t\t\t\t\t\t\tdata-xy=\"xo:274px,216px,216px,259px;yo:51px,36px,36px,23px;\"\n\t\t\t\t\t\t\t\tdata-text=\"w:normal;s:20,16,16,13;l:0,20,20,16;\"\n\t\t\t\t\t\t\t\tdata-dim=\"w:186px,153px,153px,127px;h:83px,68px,68px,56px;\"\n\t\t\t\t\t\t\t\tdata-frame_0=\"sX:2;sY:2;\"\n\t\t\t\t\t\t\t\tdata-frame_0_mask=\"u:t;\"\n\t\t\t\t\t\t\t\tdata-frame_1=\"e:power2.out;sp:1000;\"\n\t\t\t\t\t\t\t\tdata-frame_1_mask=\"u:t;\"\n\t\t\t\t\t\t\t\tdata-frame_999=\"o:0;st:w;\"\n\t\t\t\t\t\t\t\tstyle=\"z-index:16;\"\n\t\t\t\t\t\t\t><img loading=\"lazy\" src=\"\/\/atmc-hygiene.com\/go\/wp-content\/plugins\/revslider\/public\/assets\/assets\/dummy.png\" alt=\"\" class=\"tp-rs-img rs-lazyload\" width=\"1554\" height=\"696\" data-lazyload=\"\/\/atmc-hygiene.com\/go\/wp-content\/uploads\/Atmc_HFS.png\" data-no-retina> \n\t\t\t\t\t\t\t<\/rs-layer><!--\n\n\t\t\t\t\t\t\t--><rs-layer\n\t\t\t\t\t\t\t\tid=\"slider-44-slide-160-layer-1\" \n\t\t\t\t\t\t\t\tclass=\"NotGeneric-Title\"\n\t\t\t\t\t\t\t\tdata-type=\"text\"\n\t\t\t\t\t\t\t\tdata-color=\"#00479e||#0060c1||#00508e||#003666\"\n\t\t\t\t\t\t\t\tdata-rsp_ch=\"on\"\n\t\t\t\t\t\t\t\tdata-xy=\"x:c;xo:98px,90px,54px,77px;y:m;yo:-113px,-131px,-132px,-116px;\"\n\t\t\t\t\t\t\t\tdata-text=\"s:77,70,66,33;l:64,70,89,50;ls:0,0,0px,0px;fw:200,400,400,400;\"\n\t\t\t\t\t\t\t\tdata-dim=\"w:auto,auto,526.3910000000001px,auto;\"\n\t\t\t\t\t\t\t\tdata-padding=\"t:10;b:10;\"\n\t\t\t\t\t\t\t\tdata-frame_0=\"o:1;\"\n\t\t\t\t\t\t\t\tdata-frame_0_chars=\"d:5;y:-100%;o:1;rZ:35deg;\"\n\t\t\t\t\t\t\t\tdata-frame_0_mask=\"u:t;\"\n\t\t\t\t\t\t\t\tdata-frame_1=\"x:0px,0px,64px,64px;y:0px,0px,-4px,-4px;e:power4.inOut;sp:1270;\"\n\t\t\t\t\t\t\t\tdata-frame_1_chars=\"d:5;\"\n\t\t\t\t\t\t\t\tdata-frame_1_mask=\"u:t;\"\n\t\t\t\t\t\t\t\tdata-frame_999=\"y:100%;e:power2.inOut;st:w;sp:1000;sR:7130;\"\n\t\t\t\t\t\t\t\tdata-frame_999_mask=\"u:t;\"\n\t\t\t\t\t\t\t\tstyle=\"z-index:8;font-family:'Arial Black', 'Gadget', 'sans-serif';\"\n\t\t\t\t\t\t\t>MATERIELS \n\t\t\t\t\t\t\t<\/rs-layer><!--\n\n\t\t\t\t\t\t\t--><rs-layer\n\t\t\t\t\t\t\t\tid=\"slider-44-slide-160-layer-26\" \n\t\t\t\t\t\t\t\tdata-type=\"image\"\n\t\t\t\t\t\t\t\tdata-rsp_ch=\"on\"\n\t\t\t\t\t\t\t\tdata-xy=\"xo:37px,30px,30px,5px;y:b;yo:57px,47px,47px,171px;\"\n\t\t\t\t\t\t\t\tdata-text=\"w:normal;s:20,16,16,13;l:0,20,20,16;\"\n\t\t\t\t\t\t\t\tdata-dim=\"w:241px,199px,199px,165px;h:103px,85px,85px,70px;\"\n\t\t\t\t\t\t\t\tdata-frame_0=\"rX:70deg;oZ:-50;\"\n\t\t\t\t\t\t\t\tdata-frame_1=\"oZ:-50;e:power4.inOut;st:2050;sp:1750;sR:2050;\"\n\t\t\t\t\t\t\t\tdata-frame_999=\"o:0;st:w;sR:5200;\"\n\t\t\t\t\t\t\t\tstyle=\"z-index:12;\"\n\t\t\t\t\t\t\t><img loading=\"lazy\" src=\"\/\/atmc-hygiene.com\/go\/wp-content\/plugins\/revslider\/public\/assets\/assets\/dummy.png\" alt=\"\" class=\"tp-rs-img rs-lazyload\" width=\"1331\" height=\"568\" data-lazyload=\"\/\/atmc-hygiene.com\/go\/wp-content\/uploads\/Atmc_Jofel-1.png\" data-no-retina> \n\t\t\t\t\t\t\t<\/rs-layer><!--\n\n\t\t\t\t\t\t\t--><rs-layer\n\t\t\t\t\t\t\t\tid=\"slider-44-slide-160-layer-27\" \n\t\t\t\t\t\t\t\tdata-type=\"image\"\n\t\t\t\t\t\t\t\tdata-rsp_ch=\"on\"\n\t\t\t\t\t\t\t\tdata-xy=\"xo:669px,552px,552px,356px;y:b;yo:58px,47px,47px,171px;\"\n\t\t\t\t\t\t\t\tdata-text=\"w:normal;s:20,16,16,13;l:0,20,20,16;\"\n\t\t\t\t\t\t\t\tdata-dim=\"w:211px,174px,174px,144px;h:90px,74px,74px,61px;\"\n\t\t\t\t\t\t\t\tdata-frame_0=\"rX:70deg;oZ:-50;\"\n\t\t\t\t\t\t\t\tdata-frame_1=\"oZ:-50;e:power4.inOut;st:2030;sp:1750;sR:2030;\"\n\t\t\t\t\t\t\t\tdata-frame_999=\"o:0;st:w;sR:5220;\"\n\t\t\t\t\t\t\t\tstyle=\"z-index:10;\"\n\t\t\t\t\t\t\t><img loading=\"lazy\" src=\"\/\/atmc-hygiene.com\/go\/wp-content\/plugins\/revslider\/public\/assets\/assets\/dummy.png\" alt=\"\" class=\"tp-rs-img rs-lazyload\" width=\"1331\" height=\"568\" data-lazyload=\"\/\/atmc-hygiene.com\/go\/wp-content\/uploads\/Atmc_BRC-1.png\" data-no-retina> \n\t\t\t\t\t\t\t<\/rs-layer><!--\n\n\t\t\t\t\t\t\t--><rs-layer\n\t\t\t\t\t\t\t\tid=\"slider-44-slide-160-layer-28\" \n\t\t\t\t\t\t\t\tdata-type=\"image\"\n\t\t\t\t\t\t\t\tdata-rsp_ch=\"on\"\n\t\t\t\t\t\t\t\tdata-xy=\"xo:964px,796px,796px,671px;y:b;yo:57px,47px,47px,165px;\"\n\t\t\t\t\t\t\t\tdata-text=\"w:normal;s:20,16,16,13;l:0,20,20,16;\"\n\t\t\t\t\t\t\t\tdata-dim=\"w:235px,194px,194px,161px;h:100px,82px,82px,68px;\"\n\t\t\t\t\t\t\t\tdata-frame_0=\"rX:70deg;oZ:-50;\"\n\t\t\t\t\t\t\t\tdata-frame_1=\"oZ:-50;e:power4.inOut;st:2020;sp:1750;sR:2020;\"\n\t\t\t\t\t\t\t\tdata-frame_999=\"o:0;st:w;sR:5230;\"\n\t\t\t\t\t\t\t\tstyle=\"z-index:9;\"\n\t\t\t\t\t\t\t><img loading=\"lazy\" src=\"\/\/atmc-hygiene.com\/go\/wp-content\/plugins\/revslider\/public\/assets\/assets\/dummy.png\" alt=\"\" class=\"tp-rs-img rs-lazyload\" width=\"1331\" height=\"568\" data-lazyload=\"\/\/atmc-hygiene.com\/go\/wp-content\/uploads\/Atmc_Acinox-1.png\" data-no-retina> \n\t\t\t\t\t\t\t<\/rs-layer><!--\n\n\t\t\t\t\t\t\t--><rs-layer\n\t\t\t\t\t\t\t\tid=\"slider-44-slide-160-layer-29\" \n\t\t\t\t\t\t\t\tdata-type=\"image\"\n\t\t\t\t\t\t\t\tdata-rsp_ch=\"on\"\n\t\t\t\t\t\t\t\tdata-xy=\"xo:355px,293px,293px,188px;y:b;yo:57px,47px,47px,176px;\"\n\t\t\t\t\t\t\t\tdata-text=\"w:normal;s:20,16,16,13;l:0,20,20,16;\"\n\t\t\t\t\t\t\t\tdata-dim=\"w:209px,172px,172px,142px;h:89px,73px,73px,60px;\"\n\t\t\t\t\t\t\t\tdata-frame_0=\"rX:70deg;oZ:-50;\"\n\t\t\t\t\t\t\t\tdata-frame_1=\"oZ:-50;e:power4.inOut;st:2030;sp:1750;sR:2030;\"\n\t\t\t\t\t\t\t\tdata-frame_999=\"o:0;st:w;sR:5220;\"\n\t\t\t\t\t\t\t\tstyle=\"z-index:14;\"\n\t\t\t\t\t\t\t><img loading=\"lazy\" src=\"\/\/atmc-hygiene.com\/go\/wp-content\/plugins\/revslider\/public\/assets\/assets\/dummy.png\" alt=\"\" class=\"tp-rs-img rs-lazyload\" width=\"1331\" height=\"568\" data-lazyload=\"\/\/atmc-hygiene.com\/go\/wp-content\/uploads\/igeax-logo-bianco.png\" data-no-retina> \n\t\t\t\t\t\t\t<\/rs-layer><!--\n\n\t\t\t\t\t\t\t--><rs-layer\n\t\t\t\t\t\t\t\tid=\"slider-44-slide-160-layer-32\" \n\t\t\t\t\t\t\t\tdata-type=\"text\"\n\t\t\t\t\t\t\t\tdata-color=\"#0046d3\"\n\t\t\t\t\t\t\t\tdata-rsp_ch=\"on\"\n\t\t\t\t\t\t\t\tdata-xy=\"x:c;xo:0,0,0,-5px;yo:142px,117px,117px,98px;\"\n\t\t\t\t\t\t\t\tdata-text=\"w:normal;s:26,21,21,15;l:38,31,31,15;a:center;\"\n\t\t\t\t\t\t\t\tdata-frame_999=\"o:0;st:w;\"\n\t\t\t\t\t\t\t\tstyle=\"z-index:15;font-family:'Roboto';\"\n\t\t\t\t\t\t\t>Nous pla\u00e7ons chez nos clients  du  <\/br> mat\u00e9riel appropri\u00e9 . \n\t\t\t\t\t\t\t<\/rs-layer><!--\n\n\t\t\t\t\t\t\t--><a\n\t\t\t\t\t\t\t\tid=\"slider-44-slide-160-layer-34\" \n\t\t\t\t\t\t\t\tclass=\"rs-layer rev-btn\"\n\t\t\t\t\t\t\t\thref=\"https:\/\/atmc-hygiene.com\/go\/hfs-materiel\/\" target=\"_self\"\n\t\t\t\t\t\t\t\tdata-type=\"button\"\n\t\t\t\t\t\t\t\tdata-bsh=\"c:rgba(0,0,0,0.25);v:10px,8px,8px,6px;b:20px,16px,16px,13px;\"\n\t\t\t\t\t\t\t\tdata-rsp_ch=\"on\"\n\t\t\t\t\t\t\t\tdata-xy=\"xo:535px,441px,441px,354px;yo:667px,550px,550px,257px;\"\n\t\t\t\t\t\t\t\tdata-text=\"w:normal;s:18,14,14,11;l:50,41,41,34;fw:500;\"\n\t\t\t\t\t\t\t\tdata-dim=\"minh:0px,none,none,none;\"\n\t\t\t\t\t\t\t\tdata-padding=\"r:40,33,33,27;l:40,33,33,27;\"\n\t\t\t\t\t\t\t\tdata-border=\"bor:5px,5px,5px,5px;\"\n\t\t\t\t\t\t\t\tdata-frame_1=\"st:1290;sR:1290;\"\n\t\t\t\t\t\t\t\tdata-frame_999=\"o:0;st:w;sR:7410;\"\n\t\t\t\t\t\t\t\tdata-frame_hover=\"bgc:linear-gradient(rgba(255,149,0,1) 0%, rgba(255,94,58,1) 100%);bor:5px,5px,5px,5px;e:power1.inOut;bri:120%;\"\n\t\t\t\t\t\t\t\tstyle=\"z-index:13;background:linear-gradient(rgba(74,74,74,1) 0%, rgba(43,43,43,1) 100%);font-family:'Roboto';\"\n\t\t\t\t\t\t\t>PLus de details \n\t\t\t\t\t\t\t<\/a><!--\n-->\t\t\t\t\t\t<\/rs-slide>\n\t\t\t\t\t<\/rs-slides>\n\t\t\t\t\t<rs-static-layers><!--\n\t\t\t\t\t--><\/rs-static-layers>\n\t\t\t\t<\/rs-module>\n\t\t\t\t<script>\n\t\t\t\t\tsetREVStartSize({c: 'rev_slider_44_1',rl:[1240,1024,778,480],el:[400,400,400,330],gw:[1240,1024,1024,850],gh:[400,400,400,330],type:'standard',justify:'',layout:'fullwidth',mh:\"0\"});if (window.RS_MODULES!==undefined && window.RS_MODULES.modules!==undefined && window.RS_MODULES.modules[\"revslider441\"]!==undefined) {window.RS_MODULES.modules[\"revslider441\"].once = false;window.revapi44 = undefined;if (window.RS_MODULES.checkMinimal!==undefined) window.RS_MODULES.checkMinimal()}\n\t\t\t\t<\/script>\n\t\t\t<\/rs-module-wrap>\n\t\t\t<!-- END REVOLUTION SLIDER -->\n<\/div>\n\n\t\t\t\t<\/div>\n\t\t\t\t<\/div>\n\t\t\t\t\t<\/div>\n\t\t<\/div>\n\t\t\t\t\t\t\t<\/div>\n\t\t<\/section>\n\t\t\t\t<section class=\"elementor-section elementor-top-section elementor-element elementor-element-42ab9ff elementor-section-stretched elementor-section-boxed elementor-section-height-default elementor-section-height-default\" data-id=\"42ab9ff\" data-element_type=\"section\" data-settings=\"{&quot;stretch_section&quot;:&quot;section-stretched&quot;,&quot;background_background&quot;:&quot;gradient&quot;}\">\n\t\t\t\t\t\t<div class=\"elementor-container elementor-column-gap-default\">\n\t\t\t\t\t<div class=\"elementor-column elementor-col-33 elementor-top-column elementor-element elementor-element-f2ea196\" data-id=\"f2ea196\" data-element_type=\"column\">\n\t\t\t<div class=\"elementor-widget-wrap elementor-element-populated\">\n\t\t\t\t\t\t\t\t<div class=\"elementor-element elementor-element-9b23c57 elementor-invisible elementor-widget elementor-widget-text-editor\" data-id=\"9b23c57\" data-element_type=\"widget\" data-settings=\"{&quot;_animation&quot;:&quot;bounceIn&quot;}\" data-widget_type=\"text-editor.default\">\n\t\t\t\t<div class=\"elementor-widget-container\">\n\t\t\t\t\t\t\t<div class=\"wpb_text_column wpb_content_element wpb_animate_when_almost_visible wpb_fadeIn fadeIn wpb_start_animation animated\"><div class=\"wpb_wrapper\"><div class=\"wpb_text_column wpb_content_element wpb_animate_when_almost_visible wpb_fadeIn fadeIn wpb_start_animation animated\"><div class=\"wpb_wrapper\"><p><a href=\"https:\/\/atmc-hygiene.com\/go\/acinox\/\"><img loading=\"lazy\" class=\"wp-image-9990 size-medium aligncenter\" src=\"https:\/\/atmc-hygiene.com\/go\/wp-content\/uploads\/Atmc_Acinox-1-300x128.png\" alt=\"\" width=\"300\" height=\"128\" srcset=\"https:\/\/atmc-hygiene.com\/go\/wp-content\/uploads\/Atmc_Acinox-1-300x128.png 300w, https:\/\/atmc-hygiene.com\/go\/wp-content\/uploads\/Atmc_Acinox-1-1024x437.png 1024w, https:\/\/atmc-hygiene.com\/go\/wp-content\/uploads\/Atmc_Acinox-1-768x328.png 768w, https:\/\/atmc-hygiene.com\/go\/wp-content\/uploads\/Atmc_Acinox-1-920x393.png 920w, https:\/\/atmc-hygiene.com\/go\/wp-content\/uploads\/Atmc_Acinox-1.png 1331w\" sizes=\"(max-width: 300px) 100vw, 300px\" \/><\/a><\/p><\/div><\/div><div class=\"wpb_text_column wpb_content_element \"><div class=\"wpb_wrapper\"><p style=\"text-align: center;\"><span style=\"color: #ffffff;\">Toutes les solutions d\u2019hygi\u00e8ne\u00a0<strong>ACINOX<\/strong>\u00a0sont con\u00e7ues et fabriqu\u00e9es en France. Les hommes et les femmes d\u2019ACINOX sont devenus au fil du temps des experts dans leurs domaines.<\/span><\/p><p style=\"text-align: center;\"><a href=\"https:\/\/atmc-hygiene.com\/go\/acinox\/\">Plus \u25b6<\/a><\/p><\/div><\/div><\/div><\/div><div class=\"wpb_text_column wpb_content_element \"><div class=\"wpb_wrapper\">\u00a0<\/div><\/div>\t\t\t\t\t\t<\/div>\n\t\t\t\t<\/div>\n\t\t\t\t<div class=\"elementor-element elementor-element-f1cbed6 elementor-invisible elementor-widget elementor-widget-text-editor\" data-id=\"f1cbed6\" data-element_type=\"widget\" data-settings=\"{&quot;_animation&quot;:&quot;bounceIn&quot;}\" data-widget_type=\"text-editor.default\">\n\t\t\t\t<div class=\"elementor-widget-container\">\n\t\t\t\t\t\t\t<div class=\"wpb_text_column wpb_content_element wpb_animate_when_almost_visible wpb_fadeIn fadeIn wpb_start_animation animated\"><div class=\"wpb_wrapper\"><p><a href=\"https:\/\/atmc-hygiene.com\/go\/jofel\/\"><img loading=\"lazy\" class=\"wp-image-9994 size-medium aligncenter\" src=\"https:\/\/atmc-hygiene.com\/go\/wp-content\/uploads\/Atmc_Jofel-1-300x128.png\" alt=\"\" width=\"300\" height=\"128\" srcset=\"https:\/\/atmc-hygiene.com\/go\/wp-content\/uploads\/Atmc_Jofel-1-300x128.png 300w, https:\/\/atmc-hygiene.com\/go\/wp-content\/uploads\/Atmc_Jofel-1-1024x437.png 1024w, https:\/\/atmc-hygiene.com\/go\/wp-content\/uploads\/Atmc_Jofel-1-768x328.png 768w, https:\/\/atmc-hygiene.com\/go\/wp-content\/uploads\/Atmc_Jofel-1-920x393.png 920w, https:\/\/atmc-hygiene.com\/go\/wp-content\/uploads\/Atmc_Jofel-1.png 1331w\" sizes=\"(max-width: 300px) 100vw, 300px\" \/><\/a><\/p><\/div><\/div><div class=\"wpb_text_column wpb_content_element \"><div class=\"wpb_wrapper\"><p style=\"text-align: center;\"><span style=\"color: #ffffff;\"><strong>Jofel<\/strong>\u00a0est une entreprise multinationale qui se consacre \u00e0 la production,\u00a0 commercialisation et\u00a0 la distribution de syst\u00e8mes et d\u2019\u00e9quipements pour l\u2019Hygi\u00e8ne et la Propret\u00e9 Professionnelles.<\/span><\/p><p style=\"text-align: center;\"><a href=\"https:\/\/atmc-hygiene.com\/go\/jofel\/\">Plus \u25b6<\/a><\/p><\/div><\/div>\t\t\t\t\t\t<\/div>\n\t\t\t\t<\/div>\n\t\t\t\t\t<\/div>\n\t\t<\/div>\n\t\t\t\t<div class=\"elementor-column elementor-col-33 elementor-top-column elementor-element elementor-element-c96540f\" data-id=\"c96540f\" data-element_type=\"column\">\n\t\t\t<div class=\"elementor-widget-wrap elementor-element-populated\">\n\t\t\t\t\t\t\t\t<div class=\"elementor-element elementor-element-8edfd0b elementor-invisible elementor-widget elementor-widget-text-editor\" data-id=\"8edfd0b\" data-element_type=\"widget\" data-settings=\"{&quot;_animation&quot;:&quot;bounceIn&quot;}\" data-widget_type=\"text-editor.default\">\n\t\t\t\t<div class=\"elementor-widget-container\">\n\t\t\t\t\t\t\t<div class=\"wpb_text_column wpb_content_element \"><div class=\"wpb_wrapper\" style=\"text-align: center;\"><div class=\"wpb_text_column wpb_content_element wpb_animate_when_almost_visible wpb_fadeIn fadeIn wpb_start_animation animated\"><div class=\"wpb_wrapper\"><p><a href=\"https:\/\/atmc-hygiene.com\/go\/brc\/\"><img loading=\"lazy\" class=\"alignnone wp-image-9991 size-medium\" src=\"https:\/\/atmc-hygiene.com\/go\/wp-content\/uploads\/Atmc_BRC-1-300x128.png\" alt=\"\" width=\"300\" height=\"128\" srcset=\"https:\/\/atmc-hygiene.com\/go\/wp-content\/uploads\/Atmc_BRC-1-300x128.png 300w, https:\/\/atmc-hygiene.com\/go\/wp-content\/uploads\/Atmc_BRC-1-1024x437.png 1024w, https:\/\/atmc-hygiene.com\/go\/wp-content\/uploads\/Atmc_BRC-1-768x328.png 768w, https:\/\/atmc-hygiene.com\/go\/wp-content\/uploads\/Atmc_BRC-1-920x393.png 920w, https:\/\/atmc-hygiene.com\/go\/wp-content\/uploads\/Atmc_BRC-1.png 1331w\" sizes=\"(max-width: 300px) 100vw, 300px\" \/><\/a><\/p><\/div><\/div><div class=\"wpb_text_column wpb_content_element \"><div class=\"wpb_wrapper\"><p><span style=\"color: #ffffff;\"><strong>BRC<\/strong>, soci\u00e9t\u00e9 industrielle fran\u00e7aise cr\u00e9\u00e9e en 1943, assure la conception, la fabrication et la commercialisation de destructeurs d\u2019insectes performants, de mat\u00e9riels d\u2019hygi\u00e8ne, de confort et de ma\u00eetrise de l\u2019air.<\/span><\/p><p><a href=\"https:\/\/atmc-hygiene.com\/go\/brc\/\">Plus \u25b6<\/a><\/p><\/div><\/div><\/div><\/div>\t\t\t\t\t\t<\/div>\n\t\t\t\t<\/div>\n\t\t\t\t\t<\/div>\n\t\t<\/div>\n\t\t\t\t<div class=\"elementor-column elementor-col-33 elementor-top-column elementor-element elementor-element-6abc0aa\" data-id=\"6abc0aa\" data-element_type=\"column\">\n\t\t\t<div class=\"elementor-widget-wrap elementor-element-populated\">\n\t\t\t\t\t\t\t\t<div class=\"elementor-element elementor-element-802e19b elementor-invisible elementor-widget elementor-widget-text-editor\" data-id=\"802e19b\" data-element_type=\"widget\" data-settings=\"{&quot;_animation&quot;:&quot;bounceIn&quot;}\" data-widget_type=\"text-editor.default\">\n\t\t\t\t<div class=\"elementor-widget-container\">\n\t\t\t\t\t\t\t<div class=\"wpb_text_column wpb_content_element wpb_animate_when_almost_visible wpb_fadeIn fadeIn wpb_start_animation animated\"><div class=\"wpb_wrapper\"><div class=\"wpb_text_column wpb_content_element wpb_animate_when_almost_visible wpb_fadeIn fadeIn wpb_start_animation animated\"><div class=\"wpb_wrapper\"><p><a href=\"https:\/\/atmc-hygiene.com\/go\/Igeax\/\"><img loading=\"lazy\" class=\"wp-image-9968 aligncenter\" src=\"https:\/\/atmc-hygiene.com\/go\/wp-content\/uploads\/igeax-logo-bianco-300x128.png\" alt=\"\" width=\"210\" height=\"90\" srcset=\"https:\/\/atmc-hygiene.com\/go\/wp-content\/uploads\/igeax-logo-bianco-300x128.png 300w, https:\/\/atmc-hygiene.com\/go\/wp-content\/uploads\/igeax-logo-bianco-1024x437.png 1024w, https:\/\/atmc-hygiene.com\/go\/wp-content\/uploads\/igeax-logo-bianco-768x328.png 768w, https:\/\/atmc-hygiene.com\/go\/wp-content\/uploads\/igeax-logo-bianco-920x393.png 920w, https:\/\/atmc-hygiene.com\/go\/wp-content\/uploads\/igeax-logo-bianco.png 1331w\" sizes=\"(max-width: 210px) 100vw, 210px\" \/><\/a><\/p><p style=\"text-align: center;\"><span style=\"font-size: 16px; text-align: center; color: #ffffff;\"><b>Igeax <\/b>Hygiene product range is in compliance with the restricted standards set out by F.E.I.B.P. (European Brushware Federation), which allows our customers to meet the requirements\u00a0 .<\/span><\/p><\/div><\/div><div class=\"wpb_text_column wpb_content_element \"><div class=\"wpb_wrapper\"><p style=\"text-align: center;\"><a href=\"https:\/\/atmc-hygiene.com\/go\/Igeax\/\">Plus \u25b6<\/a><\/p><\/div><\/div><\/div><\/div><div class=\"wpb_text_column wpb_content_element \"><div class=\"wpb_wrapper\">\u00a0<\/div><\/div>\t\t\t\t\t\t<\/div>\n\t\t\t\t<\/div>\n\t\t\t\t\t<\/div>\n\t\t<\/div>\n\t\t\t\t\t\t\t<\/div>\n\t\t<\/section>\n\t\t\t\t\t\t\t<\/div>\n\t\t","protected":false},"excerpt":{"rendered":"<p>Toutes les solutions d\u2019hygi\u00e8ne\u00a0ACINOX\u00a0sont con\u00e7ues et fabriqu\u00e9es en France. Les hommes et les femmes d\u2019ACINOX sont devenus au fil du temps des experts dans leurs domaines. Plus \u25b6 \u00a0 Jofel\u00a0est une entreprise multinationale qui se consacre \u00e0 la production,\u00a0 commercialisation et\u00a0 la distribution de syst\u00e8mes et d\u2019\u00e9quipements pour l\u2019Hygi\u00e8ne et la Propret\u00e9 Professionnelles. Plus \u25b6 &hellip;<\/p>\n<p class=\"read-more\"> <a class=\"\" href=\"https:\/\/atmc-hygiene.com\/go\/hfs-materiel\/\"> <span class=\"screen-reader-text\">HFS Materiel<\/span> Lire la suite\u00a0\u00bb<\/a><\/p>\n","protected":false},"author":1,"featured_media":0,"parent":0,"menu_order":0,"comment_status":"closed","ping_status":"closed","template":"","meta":{"site-sidebar-layout":"no-sidebar","site-content-layout":"plain-container","ast-main-header-display":"","ast-hfb-above-header-display":"","ast-hfb-below-header-display":"","ast-hfb-mobile-header-display":"","site-post-title":"disabled","ast-breadcrumbs-content":"","ast-featured-img":"disabled","footer-sml-layout":"","theme-transparent-header-meta":"","adv-header-id-meta":null,"stick-header-meta":null,"header-above-stick-meta":null,"header-main-stick-meta":null,"header-below-stick-meta":null},"_links":{"self":[{"href":"https:\/\/atmc-hygiene.com\/go\/wp-json\/wp\/v2\/pages\/9977"}],"collection":[{"href":"https:\/\/atmc-hygiene.com\/go\/wp-json\/wp\/v2\/pages"}],"about":[{"href":"https:\/\/atmc-hygiene.com\/go\/wp-json\/wp\/v2\/types\/page"}],"author":[{"embeddable":true,"href":"https:\/\/atmc-hygiene.com\/go\/wp-json\/wp\/v2\/users\/1"}],"replies":[{"embeddable":true,"href":"https:\/\/atmc-hygiene.com\/go\/wp-json\/wp\/v2\/comments?post=9977"}],"version-history":[{"count":65,"href":"https:\/\/atmc-hygiene.com\/go\/wp-json\/wp\/v2\/pages\/9977\/revisions"}],"predecessor-version":[{"id":10323,"href":"https:\/\/atmc-hygiene.com\/go\/wp-json\/wp\/v2\/pages\/9977\/revisions\/10323"}],"wp:attachment":[{"href":"https:\/\/atmc-hygiene.com\/go\/wp-json\/wp\/v2\/media?parent=9977"}],"curies":[{"name":"wp","href":"https:\/\/api.w.org\/{rel}","templated":true}]}}