{"id":7847,"date":"2020-09-24T12:56:49","date_gmt":"2020-09-24T10:56:49","guid":{"rendered":"https:\/\/atmc-hygiene.com\/go\/?page_id=7847"},"modified":"2022-05-21T12:25:46","modified_gmt":"2022-05-21T10:25:46","slug":"acinox","status":"publish","type":"page","link":"https:\/\/atmc-hygiene.com\/go\/acinox\/","title":{"rendered":"Acinox"},"content":{"rendered":"<p>[vc_row css=\u00a0\u00bb.vc_custom_1607120010447{margin-top: 50px !important;}\u00a0\u00bb][vc_column width=\u00a0\u00bb1\/5&Prime;][vc_column_text css_animation=\u00a0\u00bbfadeInUp\u00a0\u00bb css=\u00a0\u00bb.vc_custom_1614623405371{background-position: center !important;background-repeat: no-repeat !important;background-size: cover !important;}\u00a0\u00bb]<a href=\"https:\/\/atmc-hygiene.com\/go\/3d-flip-book\/gamme-hygiene-des-sols\/\"><img loading=\"lazy\" class=\"aligncenter wp-image-7877 size-full\" src=\"https:\/\/atmc-hygiene.com\/go\/wp-content\/uploads\/2020\/09\/Acinox-A-.jpg\" alt=\"\" width=\"188\" height=\"191\" \/><\/a>[\/vc_column_text][\/vc_column][vc_column width=\u00a0\u00bb1\/5&Prime;][vc_column_text css_animation=\u00a0\u00bbfadeInUp\u00a0\u00bb css=\u00a0\u00bb.vc_custom_1653128461351{background-position: center !important;background-repeat: no-repeat !important;background-size: cover !important;}\u00a0\u00bb]<a href=\"https:\/\/atmc-hygiene.com\/go\/3d-flip-book\/gamme-equipements-dhygiene\/\"><img loading=\"lazy\" class=\"aligncenter wp-image-9242 size-full\" src=\"https:\/\/atmc-hygiene.com\/go\/wp-content\/uploads\/Equipements-dhygiene.jpg\" alt=\"\" width=\"188\" height=\"191\" \/><\/a>[\/vc_column_text][\/vc_column][vc_column width=\u00a0\u00bb1\/5&Prime;][vc_column_text css_animation=\u00a0\u00bbfadeInUp\u00a0\u00bb css=\u00a0\u00bb.vc_custom_1614623455832{background-position: center !important;background-repeat: no-repeat !important;background-size: cover !important;}\u00a0\u00bb]<a href=\"https:\/\/atmc-hygiene.com\/go\/3d-flip-book\/gamme-manutention-et-levage\/\"><img loading=\"lazy\" class=\"aligncenter wp-image-7881 size-full\" src=\"https:\/\/atmc-hygiene.com\/go\/wp-content\/uploads\/2020\/09\/Manutention-et-levage.jpg\" alt=\"\" width=\"188\" height=\"191\" srcset=\"https:\/\/atmc-hygiene.com\/go\/wp-content\/uploads\/2020\/09\/Manutention-et-levage.jpg 188w, https:\/\/atmc-hygiene.com\/go\/wp-content\/uploads\/2020\/09\/Manutention-et-levage-118x120.jpg 118w, https:\/\/atmc-hygiene.com\/go\/wp-content\/uploads\/2020\/09\/Manutention-et-levage-30x30.jpg 30w\" sizes=\"(max-width: 188px) 100vw, 188px\" \/><\/a>[\/vc_column_text][\/vc_column][vc_column width=\u00a0\u00bb1\/5&Prime;][vc_column_text css_animation=\u00a0\u00bbfadeInUp\u00a0\u00bb css=\u00a0\u00bb.vc_custom_1614623487248{background-position: center !important;background-repeat: no-repeat !important;background-size: cover !important;}\u00a0\u00bb]<a href=\"https:\/\/atmc-hygiene.com\/go\/3d-flip-book\/gamme-rangements-et-stockage\/\"><img loading=\"lazy\" class=\"aligncenter wp-image-7883 size-full\" src=\"https:\/\/atmc-hygiene.com\/go\/wp-content\/uploads\/2020\/09\/Rangements-et-stockage.jpg\" alt=\"\" width=\"188\" height=\"191\" srcset=\"https:\/\/atmc-hygiene.com\/go\/wp-content\/uploads\/2020\/09\/Rangements-et-stockage.jpg 188w, https:\/\/atmc-hygiene.com\/go\/wp-content\/uploads\/2020\/09\/Rangements-et-stockage-118x120.jpg 118w, https:\/\/atmc-hygiene.com\/go\/wp-content\/uploads\/2020\/09\/Rangements-et-stockage-30x30.jpg 30w\" sizes=\"(max-width: 188px) 100vw, 188px\" \/><\/a>[\/vc_column_text][\/vc_column][vc_column width=\u00a0\u00bb1\/5&Prime;][vc_column_text css_animation=\u00a0\u00bbfadeInUp\u00a0\u00bb css=\u00a0\u00bb.vc_custom_1614623504858{background-position: center !important;background-repeat: no-repeat !important;background-size: cover !important;}\u00a0\u00bb]<a href=\"https:\/\/atmc-hygiene.com\/go\/3d-flip-book\/gamme-protections-inox\/\"><img loading=\"lazy\" class=\"aligncenter wp-image-7885 size-full\" src=\"https:\/\/atmc-hygiene.com\/go\/wp-content\/uploads\/2020\/09\/Protection-inox.jpg\" alt=\"\" width=\"188\" height=\"191\" \/><\/a>[\/vc_column_text][\/vc_column][\/vc_row][vc_row][vc_column width=\u00a0\u00bb1\/2&Prime;][vc_images_carousel images=\u00a0\u00bb7969,7934,10048,10046&Prime; img_size=\u00a0\u00bb550&#215;350&Prime; css_animation=\u00a0\u00bbfadeInLeft\u00a0\u00bb css=\u00a0\u00bb.vc_custom_1653128735165{border-bottom-width: 10px !important;padding-top: 0px !important;}\u00a0\u00bb][\/vc_column][vc_column width=\u00a0\u00bb1\/2&Prime;][vc_column_text css_animation=\u00a0\u00bbbounceInRight\u00a0\u00bb]<\/p>\n<h5>\u25baACINOX<\/h5>\n<p><span style=\"color: #000000;\">Toutes les solutions d&rsquo;hygi\u00e8ne ACINOX sont con\u00e7ues et fabriqu\u00e9es en France. Les hommes et les femmes d&rsquo;ACINOX sont devenus au fil du temps des experts dans leurs domaines. La rigueur appliqu\u00e9e par nos \u00e9quipes, depuis la conception jusqu&rsquo;\u00e0 la fabrication, vous garantit une excellente qualit\u00e9 de tous nos produits et solutions.<\/span><\/p>\n<p><a href=\"https:\/\/atmc-hygiene.com\/go\/wp-content\/uploads\/2020\/09\/atmc_ACINOX.png\"><img loading=\"lazy\" class=\"wp-image-7803 aligncenter\" src=\"https:\/\/atmc-hygiene.com\/go\/wp-content\/uploads\/2020\/09\/atmc_ACINOX.png\" alt=\"\" width=\"184\" height=\"95\" \/><\/a>[\/vc_column_text][\/vc_column][\/vc_row][vc_row][vc_column width=\u00a0\u00bb1\/2&Prime;][vc_column_text css_animation=\u00a0\u00bbfadeIn\u00a0\u00bb]<\/p>\n<h5><strong>\u25baLe d\u00e9capage et la passivation de l&rsquo;acier inoxydable:<\/strong><\/h5>\n<p><span style=\"color: #000000;\">Les fabrications ACINOX font l&rsquo;objet, apr\u00e8s soudage, d&rsquo;une op\u00e9ration d\u00e9capage\/passivation par immersion dans un bain d&rsquo;acide sp\u00e9cifique. L&rsquo;int\u00e9r\u00eat majeur de cette proc\u00e9dure est la restauration de la r\u00e9sistance \u00e0 la corrosion de la pi\u00e8ce fabriqu\u00e9e.<\/span>[\/vc_column_text][\/vc_column][vc_column width=\u00a0\u00bb1\/2&Prime;][vc_column_text css_animation=\u00a0\u00bbbounceIn\u00a0\u00bb]<\/p>\n<h5><strong>\u25baL&rsquo;\u00e9lectro polissage:<\/strong><\/h5>\n<p><span style=\"color: #000000;\">L&rsquo;\u00e9lectro-polissage est une technique chimique de traitement de surface par action \u00e9lectrolytique consistant \u00e0 retirer ion par ion le m\u00e9tal de la surface d&rsquo;une pi\u00e8ce. L&rsquo;objet est de r\u00e9duire la microrugosit\u00e9 afin d&rsquo;am\u00e9liorer la nettoyabilit\u00e9 des surfaces. Les produits ACINOX peuvent \u00eatre \u00e9lectro-polis sur demande.<\/span>[\/vc_column_text][\/vc_column][\/vc_row][vc_row][vc_column][vc_column_text css_animation=\u00a0\u00bbfadeIn\u00a0\u00bb]<\/p>\n<h5><strong>\u25baLe microbillage:<\/strong><\/h5>\n<p><span style=\"color: #000000;\">L&rsquo;op\u00e9ration de microbillage des inox est un traitement m\u00e9canique par projection d&rsquo;abrasif \u00e0 l&rsquo;air comprim\u00e9 (billes de verre granulom\u00e9trie 100\/200 microns). La totalit\u00e9 des produits ACINOX pr\u00e9sente une finition microbill\u00e9e. Elle permet une surface d&rsquo;aspect uniforme et satin\u00e9e et augmente la r\u00e9sistance \u00e0 la corrosion par cr\u00e9ation d&rsquo;une pr\u00e9contrainte.<\/span>[\/vc_column_text][\/vc_column][\/vc_row]<\/p>\n","protected":false},"excerpt":{"rendered":"<p>[vc_row css=\u00a0\u00bb.vc_custom_1607120010447{margin-top: 50px !important;}\u00a0\u00bb][vc_column width=\u00a0\u00bb1\/5&Prime;][vc_column_text css_animation=\u00a0\u00bbfadeInUp\u00a0\u00bb css=\u00a0\u00bb.vc_custom_1614623405371{background-position: center !important;background-repeat: no-repeat !important;background-size: cover !important;}\u00a0\u00bb][\/vc_column_text][\/vc_column][vc_column width=\u00a0\u00bb1\/5&Prime;][vc_column_text css_animation=\u00a0\u00bbfadeInUp\u00a0\u00bb css=\u00a0\u00bb.vc_custom_1653128461351{background-position: center !important;background-repeat: no-repeat !important;background-size: cover !important;}\u00a0\u00bb][\/vc_column_text][\/vc_column][vc_column width=\u00a0\u00bb1\/5&Prime;][vc_column_text css_animation=\u00a0\u00bbfadeInUp\u00a0\u00bb css=\u00a0\u00bb.vc_custom_1614623455832{background-position: center !important;background-repeat: no-repeat !important;background-size: cover !important;}\u00a0\u00bb][\/vc_column_text][\/vc_column][vc_column width=\u00a0\u00bb1\/5&Prime;][vc_column_text css_animation=\u00a0\u00bbfadeInUp\u00a0\u00bb css=\u00a0\u00bb.vc_custom_1614623487248{background-position: center !important;background-repeat: no-repeat !important;background-size: cover !important;}\u00a0\u00bb][\/vc_column_text][\/vc_column][vc_column width=\u00a0\u00bb1\/5&Prime;][vc_column_text css_animation=\u00a0\u00bbfadeInUp\u00a0\u00bb css=\u00a0\u00bb.vc_custom_1614623504858{background-position: center !important;background-repeat: no-repeat !important;background-size: cover !important;}\u00a0\u00bb][\/vc_column_text][\/vc_column][\/vc_row][vc_row][vc_column width=\u00a0\u00bb1\/2&Prime;][vc_images_carousel images=\u00a0\u00bb7969,7934,10048,10046&Prime; img_size=\u00a0\u00bb550&#215;350&Prime; css_animation=\u00a0\u00bbfadeInLeft\u00a0\u00bb css=\u00a0\u00bb.vc_custom_1653128735165{border-bottom-width: 10px &hellip;<\/p>\n<p class=\"read-more\"> <a class=\"\" href=\"https:\/\/atmc-hygiene.com\/go\/acinox\/\"> <span class=\"screen-reader-text\">Acinox<\/span> Lire la suite\u00a0\u00bb<\/a><\/p>\n","protected":false},"author":1,"featured_media":0,"parent":0,"menu_order":0,"comment_status":"closed","ping_status":"closed","template":"","meta":{"site-sidebar-layout":"no-sidebar","site-content-layout":"plain-container","ast-main-header-display":"","ast-hfb-above-header-display":"","ast-hfb-below-header-display":"","ast-hfb-mobile-header-display":"","site-post-title":"disabled","ast-breadcrumbs-content":"","ast-featured-img":"disabled","footer-sml-layout":"","theme-transparent-header-meta":"","adv-header-id-meta":null,"stick-header-meta":null,"header-above-stick-meta":null,"header-main-stick-meta":null,"header-below-stick-meta":null},"_links":{"self":[{"href":"https:\/\/atmc-hygiene.com\/go\/wp-json\/wp\/v2\/pages\/7847"}],"collection":[{"href":"https:\/\/atmc-hygiene.com\/go\/wp-json\/wp\/v2\/pages"}],"about":[{"href":"https:\/\/atmc-hygiene.com\/go\/wp-json\/wp\/v2\/types\/page"}],"author":[{"embeddable":true,"href":"https:\/\/atmc-hygiene.com\/go\/wp-json\/wp\/v2\/users\/1"}],"replies":[{"embeddable":true,"href":"https:\/\/atmc-hygiene.com\/go\/wp-json\/wp\/v2\/comments?post=7847"}],"version-history":[{"count":4,"href":"https:\/\/atmc-hygiene.com\/go\/wp-json\/wp\/v2\/pages\/7847\/revisions"}],"predecessor-version":[{"id":10081,"href":"https:\/\/atmc-hygiene.com\/go\/wp-json\/wp\/v2\/pages\/7847\/revisions\/10081"}],"wp:attachment":[{"href":"https:\/\/atmc-hygiene.com\/go\/wp-json\/wp\/v2\/media?parent=7847"}],"curies":[{"name":"wp","href":"https:\/\/api.w.org\/{rel}","templated":true}]}}