{"id":5726,"date":"2018-10-22T13:45:49","date_gmt":"2018-10-22T13:45:49","guid":{"rendered":"https:\/\/www.ekko-wp.com\/?page_id=5726"},"modified":"2022-07-03T12:33:47","modified_gmt":"2022-07-03T10:33:47","slug":"qui-somme-nous","status":"publish","type":"page","link":"https:\/\/atmc-hygiene.com\/go\/qui-somme-nous\/","title":{"rendered":"Qui Somme Nous"},"content":{"rendered":"\t\t<div data-elementor-type=\"wp-page\" data-elementor-id=\"5726\" class=\"elementor elementor-5726\">\n\t\t\t\t\t\t\t\t\t<section class=\"elementor-section elementor-top-section elementor-element elementor-element-4ec4f7d elementor-section-stretched elementor-section-boxed elementor-section-height-default elementor-section-height-default\" data-id=\"4ec4f7d\" data-element_type=\"section\" data-settings=\"{&quot;stretch_section&quot;:&quot;section-stretched&quot;,&quot;background_background&quot;:&quot;gradient&quot;}\">\n\t\t\t\t\t\t\t<div class=\"elementor-background-overlay\"><\/div>\n\t\t\t\t\t\t\t<div class=\"elementor-container elementor-column-gap-default\">\n\t\t\t\t\t<div class=\"elementor-column elementor-col-100 elementor-top-column elementor-element elementor-element-71d41d3\" data-id=\"71d41d3\" data-element_type=\"column\">\n\t\t\t<div class=\"elementor-widget-wrap elementor-element-populated\">\n\t\t\t\t\t\t\t\t<div class=\"elementor-element elementor-element-13ef265 elementor-widget elementor-widget-text-editor\" data-id=\"13ef265\" data-element_type=\"widget\" data-widget_type=\"text-editor.default\">\n\t\t\t\t<div class=\"elementor-widget-container\">\n\t\t\t\t\t\t\t<h1 style=\"text-align: center;\"><span style=\"font-size: 24pt; color: #003366;\"><strong><span style=\"font-family: 'trebuchet ms', geneva, sans-serif;\">Qui Somme Nous?<\/span><\/strong><\/span><\/h1>\t\t\t\t\t\t<\/div>\n\t\t\t\t<\/div>\n\t\t\t\t<div class=\"elementor-element elementor-element-2205088 elementor-widget-divider--view-line elementor-widget elementor-widget-divider\" data-id=\"2205088\" data-element_type=\"widget\" data-widget_type=\"divider.default\">\n\t\t\t\t<div class=\"elementor-widget-container\">\n\t\t\t\t\t<div class=\"elementor-divider\">\n\t\t\t<span class=\"elementor-divider-separator\">\n\t\t\t\t\t\t<\/span>\n\t\t<\/div>\n\t\t\t\t<\/div>\n\t\t\t\t<\/div>\n\t\t\t\t\t<\/div>\n\t\t<\/div>\n\t\t\t\t\t\t\t<\/div>\n\t\t<\/section>\n\t\t\t\t<section class=\"elementor-section elementor-top-section elementor-element elementor-element-3d149a6 elementor-section-stretched elementor-section-boxed elementor-section-height-default elementor-section-height-default\" data-id=\"3d149a6\" data-element_type=\"section\" data-settings=\"{&quot;stretch_section&quot;:&quot;section-stretched&quot;}\">\n\t\t\t\t\t\t<div class=\"elementor-container elementor-column-gap-default\">\n\t\t\t\t\t<div class=\"elementor-column elementor-col-66 elementor-top-column elementor-element elementor-element-7ac2893\" data-id=\"7ac2893\" data-element_type=\"column\">\n\t\t\t<div class=\"elementor-widget-wrap elementor-element-populated\">\n\t\t\t\t\t\t\t\t<div class=\"elementor-element elementor-element-48a653e elementor-widget elementor-widget-text-editor\" data-id=\"48a653e\" data-element_type=\"widget\" data-widget_type=\"text-editor.default\">\n\t\t\t\t<div class=\"elementor-widget-container\">\n\t\t\t\t\t\t\t<p style=\"text-align: left;\"><span style=\"font-family: 'trebuchet ms', geneva, sans-serif; font-size: 14pt; color: #000000;\">Cr\u00e9e en 2010, la soci\u00e9t\u00e9 ATMC &amp; HFS, est le fruit d\u2019un amalgame de diverses comp\u00e9tences, d\u2019agronomes, de chimistes et de polytechniciens. <\/span><span style=\"font-family: 'trebuchet ms', geneva, sans-serif; font-size: 14pt; color: #000000;\">Anim\u00e9s par une longue exp\u00e9rience dans le secteur de l\u2019hygi\u00e8ne en industrie alimentaire et restauration collective, ses membres fondateurs <\/span><span style=\"font-family: 'trebuchet ms', geneva, sans-serif; font-size: 14pt; color: #000000;\">ont eu la motivation de mettre une empreinte sur le march\u00e9 Alg\u00e9rien, en produisant des sp\u00e9cialit\u00e9s d\u00e9tergentes et d\u00e9sinfectantes de plus<\/span><br \/><span style=\"font-family: 'trebuchet ms', geneva, sans-serif; font-size: 14pt; color: #000000;\">de 75% de l\u2019ensemble de la gamme commercialis\u00e9e, combl\u00e9 \u00e9galement, par un accompagnement de distribution de mat\u00e9riels ad\u00e9quats.<\/span><\/p>\t\t\t\t\t\t<\/div>\n\t\t\t\t<\/div>\n\t\t\t\t\t<\/div>\n\t\t<\/div>\n\t\t\t\t<div class=\"elementor-column elementor-col-33 elementor-top-column elementor-element elementor-element-dd77833\" data-id=\"dd77833\" data-element_type=\"column\">\n\t\t\t<div class=\"elementor-widget-wrap elementor-element-populated\">\n\t\t\t\t\t\t\t\t<div class=\"elementor-element elementor-element-3edde97 elementor-invisible elementor-widget elementor-widget-image\" data-id=\"3edde97\" data-element_type=\"widget\" data-settings=\"{&quot;_animation&quot;:&quot;fadeInDown&quot;}\" data-widget_type=\"image.default\">\n\t\t\t\t<div class=\"elementor-widget-container\">\n\t\t\t\t\t\t\t\t\t\t\t\t\t\t\t<img width=\"272\" height=\"122\" src=\"https:\/\/atmc-hygiene.com\/go\/wp-content\/uploads\/2020\/07\/cropped-cropped-logo-1-1-1.png\" class=\"attachment-full size-full wp-image-8244\" alt=\"\" loading=\"lazy\" srcset=\"https:\/\/atmc-hygiene.com\/go\/wp-content\/uploads\/2020\/07\/cropped-cropped-logo-1-1-1.png 272w, https:\/\/atmc-hygiene.com\/go\/wp-content\/uploads\/2020\/07\/cropped-cropped-logo-1-1-1-120x54.png 120w, https:\/\/atmc-hygiene.com\/go\/wp-content\/uploads\/2020\/07\/cropped-cropped-logo-1-1-1-20x9.png 20w, https:\/\/atmc-hygiene.com\/go\/wp-content\/uploads\/2020\/07\/cropped-cropped-logo-1-1-1-30x13.png 30w\" sizes=\"(max-width: 272px) 100vw, 272px\" \/>\t\t\t\t\t\t\t\t\t\t\t\t\t\t\t<\/div>\n\t\t\t\t<\/div>\n\t\t\t\t<div class=\"elementor-element elementor-element-2821eda elementor-invisible elementor-widget elementor-widget-image\" data-id=\"2821eda\" data-element_type=\"widget\" data-settings=\"{&quot;_animation&quot;:&quot;fadeInUp&quot;}\" data-widget_type=\"image.default\">\n\t\t\t\t<div class=\"elementor-widget-container\">\n\t\t\t\t\t\t\t\t\t\t\t\t\t\t\t<img width=\"1554\" height=\"696\" src=\"https:\/\/atmc-hygiene.com\/go\/wp-content\/uploads\/Atmc_HFS.png\" class=\"attachment-full size-full wp-image-10084\" alt=\"\" loading=\"lazy\" srcset=\"https:\/\/atmc-hygiene.com\/go\/wp-content\/uploads\/Atmc_HFS.png 1554w, https:\/\/atmc-hygiene.com\/go\/wp-content\/uploads\/Atmc_HFS-300x134.png 300w, https:\/\/atmc-hygiene.com\/go\/wp-content\/uploads\/Atmc_HFS-1024x459.png 1024w, https:\/\/atmc-hygiene.com\/go\/wp-content\/uploads\/Atmc_HFS-768x344.png 768w, https:\/\/atmc-hygiene.com\/go\/wp-content\/uploads\/Atmc_HFS-1536x688.png 1536w, https:\/\/atmc-hygiene.com\/go\/wp-content\/uploads\/Atmc_HFS-920x412.png 920w\" sizes=\"(max-width: 1554px) 100vw, 1554px\" \/>\t\t\t\t\t\t\t\t\t\t\t\t\t\t\t<\/div>\n\t\t\t\t<\/div>\n\t\t\t\t\t<\/div>\n\t\t<\/div>\n\t\t\t\t\t\t\t<\/div>\n\t\t<\/section>\n\t\t\t\t<section class=\"elementor-section elementor-top-section elementor-element elementor-element-5322f22 elementor-section-stretched elementor-section-boxed elementor-section-height-default elementor-section-height-default\" data-id=\"5322f22\" data-element_type=\"section\" data-settings=\"{&quot;stretch_section&quot;:&quot;section-stretched&quot;,&quot;background_background&quot;:&quot;gradient&quot;}\">\n\t\t\t\t\t\t\t<div class=\"elementor-background-overlay\"><\/div>\n\t\t\t\t\t\t\t<div class=\"elementor-container elementor-column-gap-default\">\n\t\t\t\t\t<div class=\"elementor-column elementor-col-100 elementor-top-column elementor-element elementor-element-d78a070\" data-id=\"d78a070\" data-element_type=\"column\">\n\t\t\t<div class=\"elementor-widget-wrap elementor-element-populated\">\n\t\t\t\t\t\t\t\t<div class=\"elementor-element elementor-element-f28ab9d elementor-widget elementor-widget-text-editor\" data-id=\"f28ab9d\" data-element_type=\"widget\" data-widget_type=\"text-editor.default\">\n\t\t\t\t<div class=\"elementor-widget-container\">\n\t\t\t\t\t\t\t<h1 style=\"text-align: center;\"><strong><span style=\"font-size: 24pt; font-family: 'trebuchet ms', geneva, sans-serif; color: #003366;\">Notre identit\u00e9<\/span><\/strong><\/h1>\t\t\t\t\t\t<\/div>\n\t\t\t\t<\/div>\n\t\t\t\t<div class=\"elementor-element elementor-element-0388370 elementor-widget-divider--view-line elementor-widget elementor-widget-divider\" data-id=\"0388370\" data-element_type=\"widget\" data-widget_type=\"divider.default\">\n\t\t\t\t<div class=\"elementor-widget-container\">\n\t\t\t\t\t<div class=\"elementor-divider\">\n\t\t\t<span class=\"elementor-divider-separator\">\n\t\t\t\t\t\t<\/span>\n\t\t<\/div>\n\t\t\t\t<\/div>\n\t\t\t\t<\/div>\n\t\t\t\t\t<\/div>\n\t\t<\/div>\n\t\t\t\t\t\t\t<\/div>\n\t\t<\/section>\n\t\t\t\t<section class=\"elementor-section elementor-top-section elementor-element elementor-element-dedf768 elementor-section-stretched elementor-section-boxed elementor-section-height-default elementor-section-height-default\" data-id=\"dedf768\" data-element_type=\"section\" data-settings=\"{&quot;stretch_section&quot;:&quot;section-stretched&quot;,&quot;background_background&quot;:&quot;gradient&quot;}\">\n\t\t\t\t\t\t<div class=\"elementor-container elementor-column-gap-default\">\n\t\t\t\t\t<div class=\"elementor-column elementor-col-33 elementor-top-column elementor-element elementor-element-25dde05\" data-id=\"25dde05\" data-element_type=\"column\">\n\t\t\t<div class=\"elementor-widget-wrap elementor-element-populated\">\n\t\t\t\t\t\t\t\t<div class=\"elementor-element elementor-element-4a6b24f elementor-drop-cap-yes elementor-drop-cap-view-default elementor-invisible elementor-widget elementor-widget-text-editor\" data-id=\"4a6b24f\" data-element_type=\"widget\" data-settings=\"{&quot;drop_cap&quot;:&quot;yes&quot;,&quot;_animation&quot;:&quot;fadeIn&quot;}\" data-widget_type=\"text-editor.default\">\n\t\t\t\t<div class=\"elementor-widget-container\">\n\t\t\t\t\t\t\t<p style=\"text-align: center;\"><img loading=\"lazy\" class=\"wp-image-8635 aligncenter\" src=\"https:\/\/atmc-hygiene.com\/go\/wp-content\/uploads\/2021\/03\/VALEUR.png\" sizes=\"(max-width: 190px) 100vw, 190px\" srcset=\"https:\/\/atmc-hygiene.com\/go\/wp-content\/uploads\/2021\/03\/VALEUR.png 190w, https:\/\/atmc-hygiene.com\/go\/wp-content\/uploads\/2021\/03\/VALEUR-120x112.png 120w, https:\/\/atmc-hygiene.com\/go\/wp-content\/uploads\/2021\/03\/VALEUR-20x20.png 20w, https:\/\/atmc-hygiene.com\/go\/wp-content\/uploads\/2021\/03\/VALEUR-30x28.png 30w\" alt=\"\" width=\"156\" height=\"147\" \/>La qualit\u00e9, La disponibilit\u00e9, l\u2019efficacit\u00e9 et le travail de proximit\u00e9 au service de votre fid\u00e9lisation.<\/p>\t\t\t\t\t\t<\/div>\n\t\t\t\t<\/div>\n\t\t\t\t\t<\/div>\n\t\t<\/div>\n\t\t\t\t<div class=\"elementor-column elementor-col-33 elementor-top-column elementor-element elementor-element-3bf6358\" data-id=\"3bf6358\" data-element_type=\"column\">\n\t\t\t<div class=\"elementor-widget-wrap elementor-element-populated\">\n\t\t\t\t\t\t\t\t<div class=\"elementor-element elementor-element-29c9860 elementor-drop-cap-yes elementor-drop-cap-view-default elementor-invisible elementor-widget elementor-widget-text-editor\" data-id=\"29c9860\" data-element_type=\"widget\" data-settings=\"{&quot;drop_cap&quot;:&quot;yes&quot;,&quot;_animation&quot;:&quot;fadeIn&quot;}\" data-widget_type=\"text-editor.default\">\n\t\t\t\t<div class=\"elementor-widget-container\">\n\t\t\t\t\t\t\t<p style=\"text-align: center;\"><strong style=\"font-size: 16px; font-style: normal;\"><img loading=\"lazy\" class=\"wp-image-8636 aligncenter\" src=\"https:\/\/atmc-hygiene.com\/go\/wp-content\/uploads\/2021\/03\/Vision.png\" sizes=\"(max-width: 190px) 100vw, 190px\" srcset=\"https:\/\/atmc-hygiene.com\/go\/wp-content\/uploads\/2021\/03\/Vision.png 190w, https:\/\/atmc-hygiene.com\/go\/wp-content\/uploads\/2021\/03\/Vision-120x112.png 120w, https:\/\/atmc-hygiene.com\/go\/wp-content\/uploads\/2021\/03\/Vision-20x20.png 20w, https:\/\/atmc-hygiene.com\/go\/wp-content\/uploads\/2021\/03\/Vision-30x28.png 30w\" alt=\"\" width=\"156\" height=\"147\" \/><\/strong>Pr\u00e9sent derri\u00e8re la r\u00e9ussite de chaque label et\/ou op\u00e9rateur de l\u2019industrie agroalimentaire en Alg\u00e9rie.<\/p>\t\t\t\t\t\t<\/div>\n\t\t\t\t<\/div>\n\t\t\t\t\t<\/div>\n\t\t<\/div>\n\t\t\t\t<div class=\"elementor-column elementor-col-33 elementor-top-column elementor-element elementor-element-31bbb05\" data-id=\"31bbb05\" data-element_type=\"column\">\n\t\t\t<div class=\"elementor-widget-wrap elementor-element-populated\">\n\t\t\t\t\t\t\t\t<div class=\"elementor-element elementor-element-1c1b012 elementor-drop-cap-yes elementor-drop-cap-view-default elementor-invisible elementor-widget elementor-widget-text-editor\" data-id=\"1c1b012\" data-element_type=\"widget\" data-settings=\"{&quot;drop_cap&quot;:&quot;yes&quot;,&quot;_animation&quot;:&quot;fadeIn&quot;}\" data-widget_type=\"text-editor.default\">\n\t\t\t\t<div class=\"elementor-widget-container\">\n\t\t\t\t\t\t\t<p style=\"text-align: center;\"><img loading=\"lazy\" class=\"wp-image-8634 aligncenter\" src=\"https:\/\/atmc-hygiene.com\/go\/wp-content\/uploads\/2021\/03\/mission.png\" sizes=\"(max-width: 190px) 100vw, 190px\" srcset=\"https:\/\/atmc-hygiene.com\/go\/wp-content\/uploads\/2021\/03\/mission.png 190w, https:\/\/atmc-hygiene.com\/go\/wp-content\/uploads\/2021\/03\/mission-120x112.png 120w, https:\/\/atmc-hygiene.com\/go\/wp-content\/uploads\/2021\/03\/mission-20x20.png 20w, https:\/\/atmc-hygiene.com\/go\/wp-content\/uploads\/2021\/03\/mission-30x28.png 30w\" alt=\"\" width=\"156\" height=\"147\" \/>Accompagner les professionnels \u00e0 maintenir une durabilit\u00e9 sanitaire de leur processus productif.<\/p>\t\t\t\t\t\t<\/div>\n\t\t\t\t<\/div>\n\t\t\t\t\t<\/div>\n\t\t<\/div>\n\t\t\t\t\t\t\t<\/div>\n\t\t<\/section>\n\t\t\t\t<section class=\"elementor-section elementor-top-section elementor-element elementor-element-e34a7a2 elementor-section-boxed elementor-section-height-default elementor-section-height-default\" data-id=\"e34a7a2\" data-element_type=\"section\">\n\t\t\t\t\t\t<div class=\"elementor-container elementor-column-gap-default\">\n\t\t\t\t\t<div class=\"elementor-column elementor-col-100 elementor-top-column elementor-element elementor-element-681a666\" data-id=\"681a666\" data-element_type=\"column\">\n\t\t\t<div class=\"elementor-widget-wrap elementor-element-populated\">\n\t\t\t\t\t\t\t\t<div class=\"elementor-element elementor-element-d195cab elementor-widget elementor-widget-text-editor\" data-id=\"d195cab\" data-element_type=\"widget\" data-widget_type=\"text-editor.default\">\n\t\t\t\t<div class=\"elementor-widget-container\">\n\t\t\t\t\t\t\t<div class=\"wpb_text_column wpb_content_element \"><div class=\"wpb_wrapper\"><p style=\"text-align: left;\"><span style=\"font-size: 36pt; color: #003366;\"><strong><span style=\"font-family: 'trebuchet ms', geneva, sans-serif;\">Nos Services<\/span><\/strong><\/span><\/p><p><span style=\"font-family: 'trebuchet ms', geneva, sans-serif; font-size: 10pt; color: #000000;\">Nous pla\u00e7ons chez nos clients des m\u00e9thodes et du mat\u00e9riel appropri\u00e9 pour une utilisation optimale de nos produits. Nos ing\u00e9nieurs, se rendront chez vous r\u00e9guli\u00e8rement aux dates que vous souhaiteriez selon besoins et selon un programme \u00e9tabli en commun accord. Ces programmes de visites auront pour objet :<\/span><\/p><\/div><\/div><div class=\"wpb_text_column wpb_content_element \"><div class=\"wpb_wrapper\"><p><span style=\"font-family: 'trebuchet ms', geneva, sans-serif; font-size: 10pt; color: #000000;\"><img loading=\"lazy\" class=\"alignnone\" role=\"img\" draggable=\"false\" src=\"https:\/\/s.w.org\/images\/core\/emoji\/13.0.1\/svg\/2714.svg\" alt=\"\u2714\" width=\"14\" height=\"14\" \/> Une \u00e9tude pr\u00e9alable d\u2019existant, du mat\u00e9riel et des m\u00e9thodes utilis\u00e9es dans votre \u00e9tablissement<\/span><br \/><span style=\"font-family: 'trebuchet ms', geneva, sans-serif; font-size: 10pt; color: #000000;\"><img loading=\"lazy\" class=\"alignnone\" role=\"img\" draggable=\"false\" src=\"https:\/\/s.w.org\/images\/core\/emoji\/13.0.1\/svg\/2714.svg\" alt=\"\u2714\" width=\"14\" height=\"14\" \/>\u00a0Contr\u00f4ler les r\u00e9sultats<\/span><br \/><span style=\"font-family: 'trebuchet ms', geneva, sans-serif; font-size: 10pt; color: #000000;\"><img loading=\"lazy\" class=\"alignnone\" role=\"img\" draggable=\"false\" src=\"https:\/\/s.w.org\/images\/core\/emoji\/13.0.1\/svg\/2714.svg\" alt=\"\u2714\" width=\"14\" height=\"14\" \/>\u00a0Contr\u00f4ler la consommation<\/span><br \/><span style=\"font-family: 'trebuchet ms', geneva, sans-serif; font-size: 10pt; color: #000000;\"><img loading=\"lazy\" class=\"alignnone\" role=\"img\" draggable=\"false\" src=\"https:\/\/s.w.org\/images\/core\/emoji\/13.0.1\/svg\/2714.svg\" alt=\"\u2714\" width=\"14\" height=\"14\" \/>\u00a0Contr\u00f4ler la bonne application des produits ATMC hygi\u00e8ne<\/span><br \/><span style=\"font-family: 'trebuchet ms', geneva, sans-serif; font-size: 10pt; color: #000000;\"><img loading=\"lazy\" class=\"alignnone\" role=\"img\" draggable=\"false\" src=\"https:\/\/s.w.org\/images\/core\/emoji\/13.0.1\/svg\/2714.svg\" alt=\"\u2714\" width=\"14\" height=\"14\" \/>\u00a0Sensibiliser le personnel aux bonnes pratiques d\u2019hygi\u00e8ne<\/span><br \/><span style=\"font-family: 'trebuchet ms', geneva, sans-serif; font-size: 10pt; color: #000000;\"><img loading=\"lazy\" class=\"alignnone\" role=\"img\" draggable=\"false\" src=\"https:\/\/s.w.org\/images\/core\/emoji\/13.0.1\/svg\/2714.svg\" alt=\"\u2714\" width=\"14\" height=\"14\" \/>\u00a0Assurer des formations en animant des journ\u00e9es techniques sur diff\u00e9rents th\u00e8me .<\/span><\/p><p><span style=\"font-family: 'trebuchet ms', geneva, sans-serif; font-size: 10pt; color: #000000;\">Et ce, \u00e0 travers un consulting pertinent,<\/span><br \/><span style=\"font-family: 'trebuchet ms', geneva, sans-serif; font-size: 10pt; color: #000000;\">des produits et sp\u00e9cialit\u00e9s efficaces \u00e0 l\u2019optimale et des \u00e9quipements ad\u00e9quats \u00e0 la fiabilit\u00e9.<\/span><br \/><span style=\"font-family: 'trebuchet ms', geneva, sans-serif; font-size: 10pt; color: #000000;\">Notre Mission \u00ab La qualit\u00e9 de ce qui est propre \u00e0 rassurer et \u00e0 donner confiance \u00bb<\/span><br \/><span style=\"font-family: 'trebuchet ms', geneva, sans-serif; font-size: 10pt; color: #000000;\">Cycle de vie :<\/span><\/p><p><img loading=\"lazy\" class=\"wp-image-8628 aligncenter\" src=\"https:\/\/atmc-hygiene.com\/go\/wp-content\/uploads\/2021\/03\/phase.png\" sizes=\"(max-width: 1058px) 100vw, 1058px\" srcset=\"https:\/\/atmc-hygiene.com\/go\/wp-content\/uploads\/2021\/03\/phase.png 877w, https:\/\/atmc-hygiene.com\/go\/wp-content\/uploads\/2021\/03\/phase-300x43.png 300w, https:\/\/atmc-hygiene.com\/go\/wp-content\/uploads\/2021\/03\/phase-768x110.png 768w, https:\/\/atmc-hygiene.com\/go\/wp-content\/uploads\/2021\/03\/phase-120x17.png 120w, https:\/\/atmc-hygiene.com\/go\/wp-content\/uploads\/2021\/03\/phase-20x3.png 20w, https:\/\/atmc-hygiene.com\/go\/wp-content\/uploads\/2021\/03\/phase-30x4.png 30w\" alt=\"\" width=\"1058\" height=\"152\" \/><\/p><\/div><\/div>\t\t\t\t\t\t<\/div>\n\t\t\t\t<\/div>\n\t\t\t\t\t<\/div>\n\t\t<\/div>\n\t\t\t\t\t\t\t<\/div>\n\t\t<\/section>\n\t\t\t\t\t\t\t<\/div>\n\t\t","protected":false},"excerpt":{"rendered":"<p>Qui Somme Nous? Cr\u00e9e en 2010, la soci\u00e9t\u00e9 ATMC &amp; HFS, est le fruit d\u2019un amalgame de diverses comp\u00e9tences, d\u2019agronomes, de chimistes et de polytechniciens. Anim\u00e9s par une longue exp\u00e9rience dans le secteur de l\u2019hygi\u00e8ne en industrie alimentaire et restauration collective, ses membres fondateurs ont eu la motivation de mettre une empreinte sur le march\u00e9 &hellip;<\/p>\n<p class=\"read-more\"> <a class=\"\" href=\"https:\/\/atmc-hygiene.com\/go\/qui-somme-nous\/\"> <span class=\"screen-reader-text\">Qui Somme Nous<\/span> Lire la suite\u00a0\u00bb<\/a><\/p>\n","protected":false},"author":1,"featured_media":0,"parent":0,"menu_order":0,"comment_status":"closed","ping_status":"closed","template":"","meta":{"site-sidebar-layout":"no-sidebar","site-content-layout":"plain-container","ast-main-header-display":"","ast-hfb-above-header-display":"","ast-hfb-below-header-display":"","ast-hfb-mobile-header-display":"","site-post-title":"disabled","ast-breadcrumbs-content":"","ast-featured-img":"disabled","footer-sml-layout":"","theme-transparent-header-meta":"","adv-header-id-meta":"","stick-header-meta":"","header-above-stick-meta":"","header-main-stick-meta":"","header-below-stick-meta":""},"_links":{"self":[{"href":"https:\/\/atmc-hygiene.com\/go\/wp-json\/wp\/v2\/pages\/5726"}],"collection":[{"href":"https:\/\/atmc-hygiene.com\/go\/wp-json\/wp\/v2\/pages"}],"about":[{"href":"https:\/\/atmc-hygiene.com\/go\/wp-json\/wp\/v2\/types\/page"}],"author":[{"embeddable":true,"href":"https:\/\/atmc-hygiene.com\/go\/wp-json\/wp\/v2\/users\/1"}],"replies":[{"embeddable":true,"href":"https:\/\/atmc-hygiene.com\/go\/wp-json\/wp\/v2\/comments?post=5726"}],"version-history":[{"count":30,"href":"https:\/\/atmc-hygiene.com\/go\/wp-json\/wp\/v2\/pages\/5726\/revisions"}],"predecessor-version":[{"id":10272,"href":"https:\/\/atmc-hygiene.com\/go\/wp-json\/wp\/v2\/pages\/5726\/revisions\/10272"}],"wp:attachment":[{"href":"https:\/\/atmc-hygiene.com\/go\/wp-json\/wp\/v2\/media?parent=5726"}],"curies":[{"name":"wp","href":"https:\/\/api.w.org\/{rel}","templated":true}]}}